{"id":5935,"date":"2020-09-21T11:22:38","date_gmt":"2020-09-21T09:22:38","guid":{"rendered":"https:\/\/www.iev-verdun.fr\/cgu\/"},"modified":"2020-09-21T11:22:43","modified_gmt":"2020-09-21T09:22:43","slug":"cgu","status":"publish","type":"page","link":"https:\/\/www.iev-verdun.fr\/de\/cgu\/","title":{"rendered":"CGU"},"content":{"rendered":"<div class=\"fusion-fullwidth fullwidth-box fusion-builder-row-1 fusion-flex-container nonhundred-percent-fullwidth non-hundred-percent-height-scrolling\" style=\"--awb-border-radius-top-left:0px;--awb-border-radius-top-right:0px;--awb-border-radius-bottom-right:0px;--awb-border-radius-bottom-left:0px;--awb-flex-wrap:wrap;\" ><div class=\"fusion-builder-row fusion-row fusion-flex-align-items-flex-start fusion-flex-content-wrap\" style=\"max-width:1248px;margin-left: calc(-4% \/ 2 );margin-right: calc(-4% \/ 2 );\"><div class=\"fusion-layout-column fusion_builder_column fusion-builder-column-0 fusion_builder_column_1_1 1_1 fusion-flex-column\" style=\"--awb-bg-size:cover;--awb-width-large:100%;--awb-margin-top-large:0px;--awb-spacing-right-large:1.92%;--awb-margin-bottom-large:20px;--awb-spacing-left-large:1.92%;--awb-width-medium:100%;--awb-order-medium:0;--awb-spacing-right-medium:1.92%;--awb-spacing-left-medium:1.92%;--awb-width-small:100%;--awb-order-small:0;--awb-spacing-right-small:1.92%;--awb-spacing-left-small:1.92%;\"><div class=\"fusion-column-wrapper fusion-column-has-shadow fusion-flex-justify-content-flex-start fusion-content-layout-column\"><div class=\"fusion-text fusion-text-1 awb-text-cols fusion-text-columns-2\" style=\"--awb-columns:2;--awb-column-spacing:2em;--awb-column-min-width:100px;\"><h2>Pr\u00e9sentation<\/h2>\n<p><span>L\u2019ensemble du contenu figurant sur ce site est propos\u00e9 gratuitement et ne peut en aucun cas engager la responsabilit\u00e9 de ses auteurs et de la soci\u00e9t\u00e9 IEV.<\/span><\/p>\n<h2>Donn\u00e9es personnelles<\/h2>\n<p>Nous vous rappelons que vous disposez d\u2019un droit d\u2019acc\u00e8s, de modification, de rectification et de suppression des donn\u00e9es qui vous concernent, en application de la loi n\u00b0 78-17 du 6 janvier 1978.<\/p>\n<p>Pour cela, vous pouvez soit modifier vos donn\u00e9es en vous connectant \u00e0 votre compte, soit nous contacter pour que nous proc\u00e9dons aux modifications.<\/p>\n<h2>Espaces de discussion<\/h2>\n<p>Les articles figurants sur iev-verdun.fr pourront comporter un espace de commentaires propre \u00e0 chaque article.<\/p>\n<p>Les mod\u00e9rateurs du iev-verdun.fr se r\u00e9servent le droit de supprimer tout message qui ne serait pas en relation avec le th\u00e8me abord\u00e9 ou qui serait contraire \u00e0 la loi.<\/p>\n<h2>Propri\u00e9t\u00e9 intellectuelle \u2013 Droits d\u2019auteurs<\/h2>\n<p>Tous les \u00e9l\u00e9ments contenus dans le site iev-verdun.fr et dans les sites associ\u00e9s sont prot\u00e9g\u00e9s par le droit national et international de la propri\u00e9t\u00e9 intellectuelle. Il est ainsi interdit d\u2019utiliser des donn\u00e9es provenant de ce site internet sans avoir l\u2019accord de la soci\u00e9t\u00e9 INTERCONTINENTAL EQUIPEMENT VERDUN.<\/p>\n<p>Le non respect de cette interdiction peut constituer un acte de contrefa\u00e7on passible de sanctions p\u00e9nales. <span>Les marques et logos reproduits sur ce site sont d\u00e9pos\u00e9s par les soci\u00e9t\u00e9s qui en sont propri\u00e9taires. Toute reproduction, r\u00e9\u00e9dition ou redistribution des noms ou logos, par quelque moyen que ce soit, sans autorisation pr\u00e9alable et \u00e9crite de leur titulaire concern\u00e9 est interdite par la loi.<\/span><\/p>\n<\/div><\/div><\/div><\/div><\/div>\n","protected":false},"excerpt":{"rendered":"","protected":false},"author":1,"featured_media":0,"parent":0,"menu_order":0,"comment_status":"closed","ping_status":"closed","template":"","meta":{"_acf_changed":false,"footnotes":""},"class_list":["post-5935","page","type-page","status-publish","hentry"],"acf":[],"yoast_head":"<!-- This site is optimized with the Yoast SEO plugin v27.4 - https:\/\/yoast.com\/product\/yoast-seo-wordpress\/ -->\n<title>CGU - IEV VERDUN<\/title>\n<meta name=\"robots\" content=\"index, follow, max-snippet:-1, max-image-preview:large, max-video-preview:-1\" \/>\n<link rel=\"canonical\" href=\"https:\/\/www.iev-verdun.fr\/de\/cgu\/\" \/>\n<meta property=\"og:locale\" content=\"de_DE\" \/>\n<meta property=\"og:type\" content=\"article\" \/>\n<meta property=\"og:title\" content=\"CGU - IEV VERDUN\" \/>\n<meta property=\"og:url\" content=\"https:\/\/www.iev-verdun.fr\/de\/cgu\/\" \/>\n<meta property=\"og:site_name\" content=\"IEV VERDUN\" \/>\n<meta property=\"article:modified_time\" content=\"2020-09-21T09:22:43+00:00\" \/>\n<meta name=\"twitter:card\" content=\"summary_large_image\" \/>\n<meta name=\"twitter:label1\" content=\"Gesch\u00e4tzte Lesezeit\" \/>\n\t<meta name=\"twitter:data1\" content=\"4\u00a0Minuten\" \/>\n<script type=\"application\/ld+json\" class=\"yoast-schema-graph\">{\"@context\":\"https:\\\/\\\/schema.org\",\"@graph\":[{\"@type\":\"WebPage\",\"@id\":\"https:\\\/\\\/www.iev-verdun.fr\\\/de\\\/cgu\\\/\",\"url\":\"https:\\\/\\\/www.iev-verdun.fr\\\/de\\\/cgu\\\/\",\"name\":\"CGU - IEV VERDUN\",\"isPartOf\":{\"@id\":\"https:\\\/\\\/www.iev-verdun.fr\\\/de\\\/#website\"},\"datePublished\":\"2020-09-21T09:22:38+00:00\",\"dateModified\":\"2020-09-21T09:22:43+00:00\",\"breadcrumb\":{\"@id\":\"https:\\\/\\\/www.iev-verdun.fr\\\/de\\\/cgu\\\/#breadcrumb\"},\"inLanguage\":\"de\",\"potentialAction\":[{\"@type\":\"ReadAction\",\"target\":[\"https:\\\/\\\/www.iev-verdun.fr\\\/de\\\/cgu\\\/\"]}]},{\"@type\":\"BreadcrumbList\",\"@id\":\"https:\\\/\\\/www.iev-verdun.fr\\\/de\\\/cgu\\\/#breadcrumb\",\"itemListElement\":[{\"@type\":\"ListItem\",\"position\":1,\"name\":\"Accueil\",\"item\":\"https:\\\/\\\/www.iev-verdun.fr\\\/de\\\/\"},{\"@type\":\"ListItem\",\"position\":2,\"name\":\"CGU\"}]},{\"@type\":\"WebSite\",\"@id\":\"https:\\\/\\\/www.iev-verdun.fr\\\/de\\\/#website\",\"url\":\"https:\\\/\\\/www.iev-verdun.fr\\\/de\\\/\",\"name\":\"IEV VERDUN\",\"description\":\"\",\"potentialAction\":[{\"@type\":\"SearchAction\",\"target\":{\"@type\":\"EntryPoint\",\"urlTemplate\":\"https:\\\/\\\/www.iev-verdun.fr\\\/de\\\/?s={search_term_string}\"},\"query-input\":{\"@type\":\"PropertyValueSpecification\",\"valueRequired\":true,\"valueName\":\"search_term_string\"}}],\"inLanguage\":\"de\"}]}<\/script>\n<!-- \/ Yoast SEO plugin. -->","yoast_head_json":{"title":"CGU - IEV VERDUN","robots":{"index":"index","follow":"follow","max-snippet":"max-snippet:-1","max-image-preview":"max-image-preview:large","max-video-preview":"max-video-preview:-1"},"canonical":"https:\/\/www.iev-verdun.fr\/de\/cgu\/","og_locale":"de_DE","og_type":"article","og_title":"CGU - IEV VERDUN","og_url":"https:\/\/www.iev-verdun.fr\/de\/cgu\/","og_site_name":"IEV VERDUN","article_modified_time":"2020-09-21T09:22:43+00:00","twitter_card":"summary_large_image","twitter_misc":{"Gesch\u00e4tzte Lesezeit":"4\u00a0Minuten"},"schema":{"@context":"https:\/\/schema.org","@graph":[{"@type":"WebPage","@id":"https:\/\/www.iev-verdun.fr\/de\/cgu\/","url":"https:\/\/www.iev-verdun.fr\/de\/cgu\/","name":"CGU - IEV VERDUN","isPartOf":{"@id":"https:\/\/www.iev-verdun.fr\/de\/#website"},"datePublished":"2020-09-21T09:22:38+00:00","dateModified":"2020-09-21T09:22:43+00:00","breadcrumb":{"@id":"https:\/\/www.iev-verdun.fr\/de\/cgu\/#breadcrumb"},"inLanguage":"de","potentialAction":[{"@type":"ReadAction","target":["https:\/\/www.iev-verdun.fr\/de\/cgu\/"]}]},{"@type":"BreadcrumbList","@id":"https:\/\/www.iev-verdun.fr\/de\/cgu\/#breadcrumb","itemListElement":[{"@type":"ListItem","position":1,"name":"Accueil","item":"https:\/\/www.iev-verdun.fr\/de\/"},{"@type":"ListItem","position":2,"name":"CGU"}]},{"@type":"WebSite","@id":"https:\/\/www.iev-verdun.fr\/de\/#website","url":"https:\/\/www.iev-verdun.fr\/de\/","name":"IEV VERDUN","description":"","potentialAction":[{"@type":"SearchAction","target":{"@type":"EntryPoint","urlTemplate":"https:\/\/www.iev-verdun.fr\/de\/?s={search_term_string}"},"query-input":{"@type":"PropertyValueSpecification","valueRequired":true,"valueName":"search_term_string"}}],"inLanguage":"de"}]}},"_links":{"self":[{"href":"https:\/\/www.iev-verdun.fr\/de\/wp-json\/wp\/v2\/pages\/5935","targetHints":{"allow":["GET"]}}],"collection":[{"href":"https:\/\/www.iev-verdun.fr\/de\/wp-json\/wp\/v2\/pages"}],"about":[{"href":"https:\/\/www.iev-verdun.fr\/de\/wp-json\/wp\/v2\/types\/page"}],"author":[{"embeddable":true,"href":"https:\/\/www.iev-verdun.fr\/de\/wp-json\/wp\/v2\/users\/1"}],"replies":[{"embeddable":true,"href":"https:\/\/www.iev-verdun.fr\/de\/wp-json\/wp\/v2\/comments?post=5935"}],"version-history":[{"count":6,"href":"https:\/\/www.iev-verdun.fr\/de\/wp-json\/wp\/v2\/pages\/5935\/revisions"}],"predecessor-version":[{"id":5941,"href":"https:\/\/www.iev-verdun.fr\/de\/wp-json\/wp\/v2\/pages\/5935\/revisions\/5941"}],"wp:attachment":[{"href":"https:\/\/www.iev-verdun.fr\/de\/wp-json\/wp\/v2\/media?parent=5935"}],"curies":[{"name":"wp","href":"https:\/\/api.w.org\/{rel}","templated":true}]}}